{"id":345,"date":"2020-05-04T15:20:05","date_gmt":"2020-05-04T13:20:05","guid":{"rendered":"https:\/\/gualaclosuresdgs.pl\/?page_id=345"},"modified":"2020-12-06T12:22:19","modified_gmt":"2020-12-06T11:22:19","slug":"kontakt","status":"publish","type":"page","link":"https:\/\/gualaclosuresdgs.pl\/en\/?page_id=345","title":{"rendered":"CONTACT"},"content":{"rendered":"<p>[et_pb_section fb_built=&#8221;1&#8243; fullwidth=&#8221;on&#8221; _builder_version=&#8221;4.4.1&#8243; background_color=&#8221;rgba(0,0,0,0.59)&#8221; background_image=&#8221;https:\/\/gualaclosuresdgs.pl\/wp-content\/uploads\/2020\/04\/1-1.jpg&#8221; parallax=&#8221;on&#8221; custom_margin=&#8221;||0px||false|false&#8221; locked=&#8221;off&#8221;][et_pb_fullwidth_header title=&#8221;CONTACT&#8221; _builder_version=&#8221;4.7.4&#8243; title_font=&#8221;Poppins|500|on||||||&#8221; title_text_align=&#8221;left&#8221; title_font_size=&#8221;40px&#8221; title_line_height=&#8221;1.5em&#8221; subhead_font=&#8221;Poppins||on||||||&#8221; subhead_text_align=&#8221;center&#8221; subhead_font_size=&#8221;25px&#8221; subhead_line_height=&#8221;1.5em&#8221; background_color=&#8221;rgba(0,0,0,0.71)&#8221; height=&#8221;300px&#8221; custom_margin=&#8221;||||false|false&#8221; custom_padding=&#8221;100px||||false|false&#8221; hover_enabled=&#8221;0&#8243; title_font_size_tablet=&#8221;&#8221; title_font_size_phone=&#8221;30px&#8221; title_font_size_last_edited=&#8221;on|desktop&#8221; subhead_font_size_tablet=&#8221;&#8221; subhead_font_size_phone=&#8221;20px&#8221; subhead_font_size_last_edited=&#8221;on|phone&#8221; sticky_enabled=&#8221;0&#8243;][\/et_pb_fullwidth_header][\/et_pb_section][et_pb_section fb_built=&#8221;1&#8243; admin_label=&#8221;Services&#8221; _builder_version=&#8221;4.4.1&#8243; use_background_color_gradient=&#8221;on&#8221; background_color_gradient_start=&#8221;rgba(255,255,255,0.88)&#8221; background_color_gradient_end=&#8221;rgba(255,255,255,0.88)&#8221; background_color_gradient_overlays_image=&#8221;on&#8221; background_enable_image=&#8221;off&#8221; background_size=&#8221;initial&#8221; background_position=&#8221;bottom_right&#8221; custom_margin=&#8221;0px||||false|false&#8221; custom_padding=&#8221;0px|0px||0px|false|false&#8221; locked=&#8221;off&#8221;][et_pb_row column_structure=&#8221;1_2,1_2&#8243; use_custom_gutter=&#8221;on&#8221; gutter_width=&#8221;1&#8243; make_equal=&#8221;on&#8221; admin_label=&#8221;CTA Row&#8221; module_class=&#8221; et_pb_row_fullwidth&#8221; _builder_version=&#8221;4.4.1&#8243; width=&#8221;100%&#8221; width_tablet=&#8221;100%&#8221; width_phone=&#8221;&#8221; width_last_edited=&#8221;on|desktop&#8221; max_width=&#8221;100%&#8221; max_width_tablet=&#8221;100%&#8221; max_width_phone=&#8221;&#8221; max_width_last_edited=&#8221;on|desktop&#8221; custom_padding=&#8221;0px|0px||0px|false|false&#8221; make_fullwidth=&#8221;on&#8221; locked=&#8221;off&#8221;][et_pb_column type=&#8221;1_2&#8243; _builder_version=&#8221;4.4.1&#8243; background_enable_image=&#8221;off&#8221; parallax=&#8221;on&#8221; custom_padding=&#8221;|||&#8221; custom_padding__hover=&#8221;|||&#8221;][et_pb_code _builder_version=&#8221;4.4.1&#8243;]<iframe loading=\"lazy\" src=\"https:\/\/www.google.com\/maps\/embed?pb=!1m14!1m8!1m3!1d9683.46710479448!2d19.1185553!3d52.6443199!3m2!1i1024!2i768!4f13.1!3m3!1m2!1s0x0%3A0xf7854315a3352864!2sGuala%20Closures%20DGS%20Poland%20S.A.!5e0!3m2!1spl!2spl!4v1588670843362!5m2!1spl!2spl\" width=\"100%\" height=\"400\" frameborder=\"0\" style=\"border:0;\" allowfullscreen=\"\" aria-hidden=\"false\" tabindex=\"0\"><\/iframe>[\/et_pb_code][\/et_pb_column][et_pb_column type=&#8221;1_2&#8243; _builder_version=&#8221;4.4.1&#8243; background_color=&#8221;#142450&#8243; custom_padding=&#8221;|||&#8221; custom_padding__hover=&#8221;|||&#8221;][et_pb_cta button_url=&#8221;#top&#8221; _builder_version=&#8221;4.4.7&#8243; header_font=&#8221;Poppins|500|on||||||&#8221; header_text_color=&#8221;#ffffff&#8221; header_font_size=&#8221;25px&#8221; header_line_height=&#8221;1.5em&#8221; body_font=&#8221;Poppins|500|on||||||&#8221; body_text_color=&#8221;#ffffff&#8221; body_font_size=&#8221;25px&#8221; body_line_height=&#8221;1.9em&#8221; use_background_color=&#8221;off&#8221; custom_button=&#8221;on&#8221; button_text_size=&#8221;16px&#8221; button_text_color=&#8221;#ffffff&#8221; button_bg_color=&#8221;#009bc8&#8243; button_border_width=&#8221;10px&#8221; button_border_color=&#8221;rgba(47,56,84,0)&#8221; button_border_radius=&#8221;5px&#8221; button_letter_spacing=&#8221;1px&#8221; button_font=&#8221;Montserrat|700||on|||||&#8221; button_use_icon=&#8221;off&#8221; button_alignment=&#8221;left&#8221; text_orientation=&#8221;left&#8221; max_width=&#8221;580px&#8221; max_width_tablet=&#8221;&#8221; max_width_phone=&#8221;&#8221; max_width_last_edited=&#8221;on|desktop&#8221; module_alignment=&#8221;left&#8221; custom_margin=&#8221;|||&#8221; custom_padding=&#8221;100px|60px||60px|false|false&#8221; hover_enabled=&#8221;0&#8243; header_font_size_tablet=&#8221;&#8221; header_font_size_phone=&#8221;25px&#8221; header_font_size_last_edited=&#8221;on|tablet&#8221; body_font_size_tablet=&#8221;&#8221; body_font_size_phone=&#8221;20px&#8221; body_font_size_last_edited=&#8221;on|phone&#8221; button_text_color_hover=&#8221;#2f3854&#8243; button_border_radius_hover=&#8221;66px&#8221; button_letter_spacing_hover=&#8221;1px&#8221; button_bg_color_hover=&#8221;#ffffff&#8221; button_text_size__hover_enabled=&#8221;off&#8221; button_one_text_size__hover_enabled=&#8221;off&#8221; button_two_text_size__hover_enabled=&#8221;off&#8221; button_text_color__hover_enabled=&#8221;on&#8221; button_text_color__hover=&#8221;#2f3854&#8243; button_one_text_color__hover_enabled=&#8221;off&#8221; button_two_text_color__hover_enabled=&#8221;off&#8221; button_border_width__hover_enabled=&#8221;off&#8221; button_one_border_width__hover_enabled=&#8221;off&#8221; button_two_border_width__hover_enabled=&#8221;off&#8221; button_border_color__hover_enabled=&#8221;off&#8221; button_one_border_color__hover_enabled=&#8221;off&#8221; button_two_border_color__hover_enabled=&#8221;off&#8221; button_border_radius__hover_enabled=&#8221;on|hover&#8221; button_border_radius__hover=&#8221;5px&#8221; button_one_border_radius__hover_enabled=&#8221;off&#8221; button_two_border_radius__hover_enabled=&#8221;off&#8221; button_letter_spacing__hover_enabled=&#8221;on|hover&#8221; button_letter_spacing__hover=&#8221;2px&#8221; button_one_letter_spacing__hover_enabled=&#8221;off&#8221; button_two_letter_spacing__hover_enabled=&#8221;off&#8221; button_bg_color__hover_enabled=&#8221;on&#8221; button_bg_color__hover=&#8221;#ffffff&#8221; button_one_bg_color__hover_enabled=&#8221;off&#8221; button_two_bg_color__hover_enabled=&#8221;off&#8221; sticky_enabled=&#8221;0&#8243;]<\/p>\n<p>&#8222;Guala Closures DGS Poland&#8221; S.A.<br \/>Al. Kazimierza Wielkiego 6<br \/>87-800 W\u0142oc\u0142awek<br \/>Polska<\/p>\n<p>[\/et_pb_cta][\/et_pb_column][\/et_pb_row][\/et_pb_section][et_pb_section fb_built=&#8221;1&#8243; admin_label=&#8221;Services&#8221; _builder_version=&#8221;4.4.1&#8243; use_background_color_gradient=&#8221;on&#8221; background_color_gradient_start=&#8221;rgba(255,255,255,0.88)&#8221; background_color_gradient_end=&#8221;rgba(255,255,255,0.88)&#8221; background_color_gradient_overlays_image=&#8221;on&#8221; background_image=&#8221;https:\/\/gualaclosuresdgs.pl\/wp-content\/uploads\/2020\/04\/favi-dgs.jpg&#8221; background_size=&#8221;initial&#8221; background_position=&#8221;bottom_right&#8221; custom_margin=&#8221;|40px|40px||false|false&#8221; custom_padding=&#8221;|0px|100px|0px|false|false&#8221; locked=&#8221;off&#8221;][et_pb_row column_structure=&#8221;1_3,1_3,1_3&#8243; _builder_version=&#8221;4.4.1&#8243; custom_margin=&#8221;||||false|false&#8221; custom_padding=&#8221;|0px|50px|0px|false|false&#8221; locked=&#8221;off&#8221;][et_pb_column type=&#8221;1_3&#8243; _builder_version=&#8221;3.25&#8243; custom_padding=&#8221;|||&#8221; custom_padding__hover=&#8221;|||&#8221;][et_pb_text _builder_version=&#8221;4.7.4&#8243; text_font=&#8221;Montserrat|500|||||||&#8221; text_font_size=&#8221;16px&#8221; header_3_font=&#8221;Montserrat|500|||||||&#8221; header_3_line_height=&#8221;1.5em&#8221; text_orientation=&#8221;center&#8221; hover_enabled=&#8221;0&#8243; sticky_enabled=&#8221;0&#8243;]<\/p>\n<h3>Office<\/h3>\n<p>Phone number:  <a href=\"tel:+48542320622\">+48 54 232-06-00<\/a><br \/>Fax number:  +48 54 232-06-22<br \/>E-mail address:  <a href=\"mailto:dgs@gualaclosuresdgs.pl\">dgs@gualaclosuresdgs.pl<\/a><\/p>\n<p>[\/et_pb_text][\/et_pb_column][et_pb_column type=&#8221;1_3&#8243; _builder_version=&#8221;3.25&#8243; custom_padding=&#8221;|||&#8221; custom_padding__hover=&#8221;|||&#8221;][et_pb_text _builder_version=&#8221;4.7.4&#8243; text_font=&#8221;Montserrat|500|||||||&#8221; text_font_size=&#8221;16px&#8221; header_3_font=&#8221;Montserrat|500|||||||&#8221; header_3_line_height=&#8221;1.5em&#8221; text_orientation=&#8221;center&#8221; hover_enabled=&#8221;0&#8243; sticky_enabled=&#8221;0&#8243;]<\/p>\n<h3>Sales<\/h3>\n<p>Phone number:  <a href=\"tel:+48542320665\">+48 54 232-06-65<\/a><br \/>Fax number:  +48 54 232-06-74<br \/>E-mail address:  <a href=\"mailto:zapytanie@gualaclosuresdgs.pl\">zapytanie@gualaclosuresdgs.pl<\/a><\/p>\n<p>[\/et_pb_text][\/et_pb_column][et_pb_column type=&#8221;1_3&#8243; _builder_version=&#8221;3.25&#8243; custom_padding=&#8221;|||&#8221; custom_padding__hover=&#8221;|||&#8221;][et_pb_text _builder_version=&#8221;4.7.4&#8243; text_font=&#8221;Montserrat|500|||||||&#8221; text_font_size=&#8221;16px&#8221; header_3_font=&#8221;Montserrat|500|||||||&#8221; header_3_line_height=&#8221;1.5em&#8221; text_orientation=&#8221;center&#8221; hover_enabled=&#8221;0&#8243; sticky_enabled=&#8221;0&#8243;]<\/p>\n<h3>Customer Services<\/h3>\n<p>Phone number:  <a href=\"tel:+48542320867\">+4854 232-08-67<\/a><br \/>Fax number:   +48 54 232-06-74<br \/>E-mail address:  <a href=\"mailto:dok@gualaclosuresdgs.pl\">dok@gualaclosuresdgs.pl<\/a><\/p>\n<p>[\/et_pb_text][\/et_pb_column][\/et_pb_row][\/et_pb_section][et_pb_section fb_built=&#8221;1&#8243; admin_label=&#8221;Team&#8221; _builder_version=&#8221;4.4.1&#8243; background_color=&#8221;#142450&#8243; custom_padding=&#8221;100px|0px|100px|0px&#8221;][et_pb_row column_structure=&#8221;1_2,1_2&#8243; _builder_version=&#8221;3.25&#8243;][et_pb_column type=&#8221;1_2&#8243; _builder_version=&#8221;3.25&#8243; custom_padding=&#8221;|||&#8221; custom_padding__hover=&#8221;|||&#8221;][et_pb_code _builder_version=&#8221;4.4.1&#8243; hover_enabled=&#8221;0&#8243; sticky_enabled=&#8221;0&#8243;][caldera_form id=&#8221;CF5eb26397b3144&#8243;][\/et_pb_code][\/et_pb_column][et_pb_column type=&#8221;1_2&#8243; _builder_version=&#8221;3.25&#8243; custom_padding=&#8221;|||&#8221; custom_padding__hover=&#8221;|||&#8221;][et_pb_cta button_url=&#8221;#top&#8221; _builder_version=&#8221;4.4.7&#8243; header_font=&#8221;Poppins|500|on||||||&#8221; header_text_color=&#8221;#ffffff&#8221; header_font_size=&#8221;25px&#8221; header_line_height=&#8221;1.5em&#8221; body_font=&#8221;Montserrat|500|||||||&#8221; body_text_color=&#8221;#ffffff&#8221; body_font_size=&#8221;16px&#8221; body_line_height=&#8221;1.9em&#8221; use_background_color=&#8221;off&#8221; custom_button=&#8221;on&#8221; button_text_size=&#8221;16px&#8221; button_text_color=&#8221;#ffffff&#8221; button_bg_color=&#8221;#009bc8&#8243; button_border_width=&#8221;10px&#8221; button_border_color=&#8221;rgba(47,56,84,0)&#8221; button_border_radius=&#8221;5px&#8221; button_letter_spacing=&#8221;1px&#8221; button_font=&#8221;Montserrat|700||on|||||&#8221; button_use_icon=&#8221;off&#8221; button_alignment=&#8221;left&#8221; max_width_tablet=&#8221;&#8221; max_width_phone=&#8221;&#8221; max_width_last_edited=&#8221;on|desktop&#8221; module_alignment=&#8221;center&#8221; custom_margin=&#8221;|||&#8221; custom_padding=&#8221;||||true|true&#8221; hover_enabled=&#8221;0&#8243; header_font_size_tablet=&#8221;&#8221; header_font_size_phone=&#8221;25px&#8221; header_font_size_last_edited=&#8221;on|tablet&#8221; button_text_color_hover=&#8221;#2f3854&#8243; button_border_radius_hover=&#8221;66px&#8221; button_letter_spacing_hover=&#8221;1px&#8221; button_bg_color_hover=&#8221;#ffffff&#8221; button_text_size__hover_enabled=&#8221;off&#8221; button_one_text_size__hover_enabled=&#8221;off&#8221; button_two_text_size__hover_enabled=&#8221;off&#8221; button_text_color__hover_enabled=&#8221;on&#8221; button_text_color__hover=&#8221;#2f3854&#8243; button_one_text_color__hover_enabled=&#8221;off&#8221; button_two_text_color__hover_enabled=&#8221;off&#8221; button_border_width__hover_enabled=&#8221;off&#8221; button_one_border_width__hover_enabled=&#8221;off&#8221; button_two_border_width__hover_enabled=&#8221;off&#8221; button_border_color__hover_enabled=&#8221;off&#8221; button_one_border_color__hover_enabled=&#8221;off&#8221; button_two_border_color__hover_enabled=&#8221;off&#8221; button_border_radius__hover_enabled=&#8221;on|hover&#8221; button_border_radius__hover=&#8221;5px&#8221; button_one_border_radius__hover_enabled=&#8221;off&#8221; button_two_border_radius__hover_enabled=&#8221;off&#8221; button_letter_spacing__hover_enabled=&#8221;on|hover&#8221; button_letter_spacing__hover=&#8221;2px&#8221; button_one_letter_spacing__hover_enabled=&#8221;off&#8221; button_two_letter_spacing__hover_enabled=&#8221;off&#8221; button_bg_color__hover_enabled=&#8221;on&#8221; button_bg_color__hover=&#8221;#ffffff&#8221; button_one_bg_color__hover_enabled=&#8221;off&#8221; button_two_bg_color__hover_enabled=&#8221;off&#8221; sticky_enabled=&#8221;0&#8243;]S\u0104D REJONOWY W TORUNIU VII WYDZIA\u0141 GOSPODARCZY KRAJOWEGO REJESTRU S\u0104DOWEGO<\/p>\n<p>KRS: 0000224737<br \/>\nNIP: 888 284 28 62<br \/>\nREGON: 911361543<br \/>\nBDO: 000008488<\/p>\n<p>Posiadamy status du\u017cego przedsi\u0119biorcy<\/p>\n<p>Kapita\u0142 zak\u0142adowy: 594 999,99 z\u0142 wp\u0142acony w ca\u0142o\u015bci[\/et_pb_cta][\/et_pb_column][\/et_pb_row][\/et_pb_section]<\/p>\n","protected":false},"excerpt":{"rendered":"<p>[et_pb_section fb_built=&#8221;1&#8243; fullwidth=&#8221;on&#8221; _builder_version=&#8221;4.4.1&#8243; background_color=&#8221;rgba(0,0,0,0.59)&#8221; background_image=&#8221;https:\/\/gualaclosuresdgs.pl\/wp-content\/uploads\/2020\/04\/1-1.jpg&#8221; parallax=&#8221;on&#8221; custom_margin=&#8221;||0px||false|false&#8221; locked=&#8221;off&#8221;][et_pb_fullwidth_header title=&#8221;CONTACT&#8221; _builder_version=&#8221;4.7.4&#8243; title_font=&#8221;Poppins|500|on||||||&#8221; title_text_align=&#8221;left&#8221; title_font_size=&#8221;40px&#8221; title_line_height=&#8221;1.5em&#8221; subhead_font=&#8221;Poppins||on||||||&#8221; subhead_text_align=&#8221;center&#8221; subhead_font_size=&#8221;25px&#8221; subhead_line_height=&#8221;1.5em&#8221; background_color=&#8221;rgba(0,0,0,0.71)&#8221; height=&#8221;300px&#8221; custom_margin=&#8221;||||false|false&#8221; custom_padding=&#8221;100px||||false|false&#8221; hover_enabled=&#8221;0&#8243; title_font_size_tablet=&#8221;&#8221; title_font_size_phone=&#8221;30px&#8221; title_font_size_last_edited=&#8221;on|desktop&#8221; subhead_font_size_tablet=&#8221;&#8221; subhead_font_size_phone=&#8221;20px&#8221; subhead_font_size_last_edited=&#8221;on|phone&#8221; sticky_enabled=&#8221;0&#8243;][\/et_pb_fullwidth_header][\/et_pb_section][et_pb_section fb_built=&#8221;1&#8243; admin_label=&#8221;Services&#8221; _builder_version=&#8221;4.4.1&#8243; use_background_color_gradient=&#8221;on&#8221; background_color_gradient_start=&#8221;rgba(255,255,255,0.88)&#8221; background_color_gradient_end=&#8221;rgba(255,255,255,0.88)&#8221; background_color_gradient_overlays_image=&#8221;on&#8221; background_enable_image=&#8221;off&#8221; background_size=&#8221;initial&#8221; background_position=&#8221;bottom_right&#8221; custom_margin=&#8221;0px||||false|false&#8221; custom_padding=&#8221;0px|0px||0px|false|false&#8221; locked=&#8221;off&#8221;][et_pb_row column_structure=&#8221;1_2,1_2&#8243; use_custom_gutter=&#8221;on&#8221; gutter_width=&#8221;1&#8243; make_equal=&#8221;on&#8221; admin_label=&#8221;CTA Row&#8221; module_class=&#8221; et_pb_row_fullwidth&#8221; _builder_version=&#8221;4.4.1&#8243; width=&#8221;100%&#8221; width_tablet=&#8221;100%&#8221; [&hellip;]<\/p>\n","protected":false},"author":1,"featured_media":0,"parent":0,"menu_order":0,"comment_status":"closed","ping_status":"closed","template":"","meta":{"_et_pb_use_builder":"on","_et_pb_old_content":"","_et_gb_content_width":""},"_links":{"self":[{"href":"https:\/\/gualaclosuresdgs.pl\/en\/index.php?rest_route=\/wp\/v2\/pages\/345"}],"collection":[{"href":"https:\/\/gualaclosuresdgs.pl\/en\/index.php?rest_route=\/wp\/v2\/pages"}],"about":[{"href":"https:\/\/gualaclosuresdgs.pl\/en\/index.php?rest_route=\/wp\/v2\/types\/page"}],"author":[{"embeddable":true,"href":"https:\/\/gualaclosuresdgs.pl\/en\/index.php?rest_route=\/wp\/v2\/users\/1"}],"replies":[{"embeddable":true,"href":"https:\/\/gualaclosuresdgs.pl\/en\/index.php?rest_route=%2Fwp%2Fv2%2Fcomments&post=345"}],"version-history":[{"count":4,"href":"https:\/\/gualaclosuresdgs.pl\/en\/index.php?rest_route=\/wp\/v2\/pages\/345\/revisions"}],"predecessor-version":[{"id":1234,"href":"https:\/\/gualaclosuresdgs.pl\/en\/index.php?rest_route=\/wp\/v2\/pages\/345\/revisions\/1234"}],"wp:attachment":[{"href":"https:\/\/gualaclosuresdgs.pl\/en\/index.php?rest_route=%2Fwp%2Fv2%2Fmedia&parent=345"}],"curies":[{"name":"wp","href":"https:\/\/api.w.org\/{rel}","templated":true}]}}